{"id":2708,"date":"2021-12-09T10:52:11","date_gmt":"2021-12-09T15:52:11","guid":{"rendered":"https:\/\/divigo.ca\/centre-daide\/"},"modified":"2024-08-19T10:36:13","modified_gmt":"2024-08-19T14:36:13","slug":"centre-daide","status":"publish","type":"page","link":"https:\/\/divigo.ca\/fr\/centre-daide\/","title":{"rendered":"Centre d&rsquo;aide"},"content":{"rendered":"\t\t<div data-elementor-type=\"wp-page\" data-elementor-id=\"2708\" class=\"elementor elementor-2708 elementor-32\" data-elementor-post-type=\"page\">\n\t\t\t\t\t\t<section class=\"elementor-section elementor-top-section elementor-element elementor-element-1c0fac0a elementor-section-full_width elementor-section-height-default elementor-section-height-default\" data-id=\"1c0fac0a\" data-element_type=\"section\" data-e-type=\"section\" data-settings=\"{&quot;background_background&quot;:&quot;classic&quot;}\">\n\t\t\t\t\t\t<div class=\"elementor-container elementor-column-gap-default\">\n\t\t\t\t\t<div class=\"elementor-column elementor-col-100 elementor-top-column elementor-element elementor-element-81da07a\" data-id=\"81da07a\" data-element_type=\"column\" data-e-type=\"column\">\n\t\t\t<div class=\"elementor-widget-wrap elementor-element-populated\">\n\t\t\t\t\t\t<div class=\"elementor-element elementor-element-06eec8b elementor-widget elementor-widget-betterdocs-search-form\" data-id=\"06eec8b\" data-element_type=\"widget\" data-e-type=\"widget\" data-widget_type=\"betterdocs-search-form.default\">\n\t\t\t\t\t<div class=\"betterdocs-search-form-widget-wrapper\"><div class=\"betterdocs-search-modal-layout-1\" id=\"betterdocs-search-modal\" data-placeholder=\"Recherche de r\u00e9ponses\" data-headingtag=\"h1\" data-subheadingtag=\"p\" data-buttontext=\"Search\" data-numberofdocs=\"5\" data-numberoffaqs=\"5\" data-enable_faq_search=\"1\" data-enable_docs_search=\"1\"><\/div><\/div>\t\t\t\t<\/div>\n\t\t\t\t<div class=\"elementor-element elementor-element-6a171d4 elementor-widget elementor-widget-betterdocs-category-box\" data-id=\"6a171d4\" data-element_type=\"widget\" data-e-type=\"widget\" data-widget_type=\"betterdocs-category-box.default\">\n\t\t\t\t\t\n<div\n\tid=\"el-betterdocs-cat-box-6a171d4\" class=\"betterdocs-category-box-wrapper betterdocs-category-box-folder-wrapper el-layout-4 betterdocs-elementor\">\n\t<div\n\t\tclass=\"betterdocs-category-box-inner-wrapper betterdocs-categories-folder layout-4 docs-col-4\" style=\"--column: 4;--count: 11;--reminder: 3;\">\n\t\t\n<a\n\thref=\"https:\/\/divigo.ca\/fr\/docs-category\/2slgbtqi-fr\/\" data-id=\"399\" class=\"category-box category-2slgbtqi-fr layout-4\">\n\t<div class=\"betterdocs-single-category-inner\">\n\t\t\n<div class=\"betterdocs-category-header\">\n\t<div class=\"betterdocs-category-header-inner\">\n\t\t<div class=\"betterdocs-dynamic-wrapper betterdocs-category-title-counts\"><h2 class=\"betterdocs-category-title\">2SLGBTQI+<\/h2>\n<div data-count=\"5\" class=\"betterdocs-sub-category-items-counts\">\n\t\t<span>\n\t\t 5 conseils\t<\/span>\n<\/div>\n<p class=\"betterdocs-last-update\">\n\tLast Updated: 12 janvier 2023<\/p>\n\n<\/div>\t<\/div>\n<\/div>\n\t<\/div>\n<\/a>\n\n<a\n\thref=\"https:\/\/divigo.ca\/fr\/docs-category\/ableisme\/\" data-id=\"420\" class=\"category-box category-ableisme layout-4\">\n\t<div class=\"betterdocs-single-category-inner\">\n\t\t\n<div class=\"betterdocs-category-header\">\n\t<div class=\"betterdocs-category-header-inner\">\n\t\t<div class=\"betterdocs-dynamic-wrapper betterdocs-category-title-counts\"><h2 class=\"betterdocs-category-title\">ableisme<\/h2>\n<div data-count=\"3\" class=\"betterdocs-sub-category-items-counts\">\n\t\t<span>\n\t\t 3 conseils\t<\/span>\n<\/div>\n<p class=\"betterdocs-last-update\">\n\tLast Updated: 13 janvier 2023<\/p>\n\n<\/div>\t<\/div>\n<\/div>\n\t<\/div>\n<\/a>\n\n<a\n\thref=\"https:\/\/divigo.ca\/fr\/docs-category\/agisme\/\" data-id=\"402\" class=\"category-box category-agisme layout-4\">\n\t<div class=\"betterdocs-single-category-inner\">\n\t\t\n<div class=\"betterdocs-category-header\">\n\t<div class=\"betterdocs-category-header-inner\">\n\t\t<div class=\"betterdocs-dynamic-wrapper betterdocs-category-title-counts\"><h2 class=\"betterdocs-category-title\">\u00c2gisme<\/h2>\n<div data-count=\"2\" class=\"betterdocs-sub-category-items-counts\">\n\t\t<span>\n\t\t 2 conseils\t<\/span>\n<\/div>\n<p class=\"betterdocs-last-update\">\n\tLast Updated: 12 janvier 2023<\/p>\n\n<\/div>\t<\/div>\n<\/div>\n\t<\/div>\n<\/a>\n\n<a\n\thref=\"https:\/\/divigo.ca\/fr\/docs-category\/anti-noir\/\" data-id=\"377\" class=\"category-box category-anti-noir layout-4 no-border-right\">\n\t<div class=\"betterdocs-single-category-inner\">\n\t\t\n<div class=\"betterdocs-category-header\">\n\t<div class=\"betterdocs-category-header-inner\">\n\t\t<div class=\"betterdocs-dynamic-wrapper betterdocs-category-title-counts\"><h2 class=\"betterdocs-category-title\">Anti-Noir<\/h2>\n<div data-count=\"1\" class=\"betterdocs-sub-category-items-counts\">\n\t\t<span>\n\t\t 1 conseils\t<\/span>\n<\/div>\n<p class=\"betterdocs-last-update\">\n\tLast Updated: 12 janvier 2023<\/p>\n\n<\/div>\t<\/div>\n<\/div>\n\t<\/div>\n<\/a>\n\n<a\n\thref=\"https:\/\/divigo.ca\/fr\/docs-category\/diversite\/\" data-id=\"324\" class=\"category-box category-diversite layout-4\">\n\t<div class=\"betterdocs-single-category-inner\">\n\t\t\n<div class=\"betterdocs-category-header\">\n\t<div class=\"betterdocs-category-header-inner\">\n\t\t<div class=\"betterdocs-dynamic-wrapper betterdocs-category-title-counts\"><h2 class=\"betterdocs-category-title\">Diversit\u00e9<\/h2>\n<div data-count=\"5\" class=\"betterdocs-sub-category-items-counts\">\n\t\t<span>\n\t\t 5 conseils\t<\/span>\n<\/div>\n<p class=\"betterdocs-last-update\">\n\tLast Updated: 12 janvier 2023<\/p>\n\n<\/div>\t<\/div>\n<\/div>\n\t<\/div>\n<\/a>\n\n<a\n\thref=\"https:\/\/divigo.ca\/fr\/docs-category\/fragilite-blanche\/\" data-id=\"329\" class=\"category-box category-fragilite-blanche layout-4\">\n\t<div class=\"betterdocs-single-category-inner\">\n\t\t\n<div class=\"betterdocs-category-header\">\n\t<div class=\"betterdocs-category-header-inner\">\n\t\t<div class=\"betterdocs-dynamic-wrapper betterdocs-category-title-counts\"><h2 class=\"betterdocs-category-title\">Fragilit\u00e9 blanche<\/h2>\n<div data-count=\"2\" class=\"betterdocs-sub-category-items-counts\">\n\t\t<span>\n\t\t 2 conseils\t<\/span>\n<\/div>\n<p class=\"betterdocs-last-update\">\n\tLast Updated: 12 janvier 2023<\/p>\n\n<\/div>\t<\/div>\n<\/div>\n\t<\/div>\n<\/a>\n\n<a\n\thref=\"https:\/\/divigo.ca\/fr\/docs-category\/microagressions\/\" data-id=\"333\" class=\"category-box category-microagressions layout-4\">\n\t<div class=\"betterdocs-single-category-inner\">\n\t\t\n<div class=\"betterdocs-category-header\">\n\t<div class=\"betterdocs-category-header-inner\">\n\t\t<div class=\"betterdocs-dynamic-wrapper betterdocs-category-title-counts\"><h2 class=\"betterdocs-category-title\">Microagressions<\/h2>\n<div data-count=\"2\" class=\"betterdocs-sub-category-items-counts\">\n\t\t<span>\n\t\t 2 conseils\t<\/span>\n<\/div>\n<p class=\"betterdocs-last-update\">\n\tLast Updated: 12 janvier 2023<\/p>\n\n<\/div>\t<\/div>\n<\/div>\n\t<\/div>\n<\/a>\n\n<a\n\thref=\"https:\/\/divigo.ca\/fr\/docs-category\/pratiques-dembauche\/\" data-id=\"328\" class=\"category-box category-pratiques-dembauche layout-4 no-border-right\">\n\t<div class=\"betterdocs-single-category-inner\">\n\t\t\n<div class=\"betterdocs-category-header\">\n\t<div class=\"betterdocs-category-header-inner\">\n\t\t<div class=\"betterdocs-dynamic-wrapper betterdocs-category-title-counts\"><h2 class=\"betterdocs-category-title\">Pratiques d'embauche<\/h2>\n<div data-count=\"6\" class=\"betterdocs-sub-category-items-counts\">\n\t\t<span>\n\t\t 6 conseils\t<\/span>\n<\/div>\n<p class=\"betterdocs-last-update\">\n\tLast Updated: 12 janvier 2023<\/p>\n\n<\/div>\t<\/div>\n<\/div>\n\t<\/div>\n<\/a>\n\n<a\n\thref=\"https:\/\/divigo.ca\/fr\/docs-category\/racisme\/\" data-id=\"355\" class=\"category-box category-racisme layout-4 no-border-bottom\">\n\t<div class=\"betterdocs-single-category-inner\">\n\t\t\n<div class=\"betterdocs-category-header\">\n\t<div class=\"betterdocs-category-header-inner\">\n\t\t<div class=\"betterdocs-dynamic-wrapper betterdocs-category-title-counts\"><h2 class=\"betterdocs-category-title\">Racisme<\/h2>\n<div data-count=\"4\" class=\"betterdocs-sub-category-items-counts\">\n\t\t<span>\n\t\t 4 conseils\t<\/span>\n<\/div>\n<p class=\"betterdocs-last-update\">\n\tLast Updated: 12 janvier 2023<\/p>\n\n<\/div>\t<\/div>\n<\/div>\n\t<\/div>\n<\/a>\n\n<a\n\thref=\"https:\/\/divigo.ca\/fr\/docs-category\/sexisme\/\" data-id=\"341\" class=\"category-box category-sexisme layout-4 no-border-bottom\">\n\t<div class=\"betterdocs-single-category-inner\">\n\t\t\n<div class=\"betterdocs-category-header\">\n\t<div class=\"betterdocs-category-header-inner\">\n\t\t<div class=\"betterdocs-dynamic-wrapper betterdocs-category-title-counts\"><h2 class=\"betterdocs-category-title\">Sexisme<\/h2>\n<div data-count=\"3\" class=\"betterdocs-sub-category-items-counts\">\n\t\t<span>\n\t\t 3 conseils\t<\/span>\n<\/div>\n<p class=\"betterdocs-last-update\">\n\tLast Updated: 12 janvier 2023<\/p>\n\n<\/div>\t<\/div>\n<\/div>\n\t<\/div>\n<\/a>\n\n<a\n\thref=\"https:\/\/divigo.ca\/fr\/docs-category\/un-lieu-de-travail-inclusif\/\" data-id=\"429\" class=\"category-box category-un-lieu-de-travail-inclusif layout-4 no-border-bottom\">\n\t<div class=\"betterdocs-single-category-inner\">\n\t\t\n<div class=\"betterdocs-category-header\">\n\t<div class=\"betterdocs-category-header-inner\">\n\t\t<div class=\"betterdocs-dynamic-wrapper betterdocs-category-title-counts\"><h2 class=\"betterdocs-category-title\">Un lieu de travail inclusif<\/h2>\n<div data-count=\"6\" class=\"betterdocs-sub-category-items-counts\">\n\t\t<span>\n\t\t 6 conseils\t<\/span>\n<\/div>\n<p class=\"betterdocs-last-update\">\n\tLast Updated: 12 janvier 2023<\/p>\n\n<\/div>\t<\/div>\n<\/div>\n\t<\/div>\n<\/a>\n\t<\/div>\n\t\t<div class=\"clearfix\"><\/div>\n\t<\/div>\n\t\t\t\t<\/div>\n\t\t\t\t\t<\/div>\n\t\t<\/div>\n\t\t\t\t\t<\/div>\n\t\t<\/section>\n\t\t\t\t<\/div>\n\t\t","protected":false},"excerpt":{"rendered":"<p>2SLGBTQI+ 5conseils ableisme 1conseils Accessibilit\u00e9 1conseils Adaptation culturelle 1conseils AFAB 1conseils \u00c2ge 1conseils \u00c2gisme 1conseils Allyship 1conseils AMAB 1conseils Ambigu\u00eft\u00e9 des genres 1conseils Anti-Indig\u00e8nes 1conseils Anti-Noir 1conseils Anti-Sikh 1conseils Backlash 1conseils Biais de groupe\/extr\u00eame groupe 3conseils Bilingue 1conseils Blackface 1conseils Blagues 1conseils Blagues racistes 3conseils Candidats 1conseils Coh\u00e9sion de l&rsquo;\u00e9quipe 7conseils Compliments 1conseils Comportement du [&hellip;]<\/p>\n","protected":false},"author":1,"featured_media":0,"parent":0,"menu_order":0,"comment_status":"closed","ping_status":"closed","template":"","meta":{"_acf_changed":false,"footnotes":""},"class_list":["post-2708","page","type-page","status-publish","hentry"],"acf":[],"_links":{"self":[{"href":"https:\/\/divigo.ca\/fr\/wp-json\/wp\/v2\/pages\/2708","targetHints":{"allow":["GET"]}}],"collection":[{"href":"https:\/\/divigo.ca\/fr\/wp-json\/wp\/v2\/pages"}],"about":[{"href":"https:\/\/divigo.ca\/fr\/wp-json\/wp\/v2\/types\/page"}],"author":[{"embeddable":true,"href":"https:\/\/divigo.ca\/fr\/wp-json\/wp\/v2\/users\/1"}],"replies":[{"embeddable":true,"href":"https:\/\/divigo.ca\/fr\/wp-json\/wp\/v2\/comments?post=2708"}],"version-history":[{"count":60,"href":"https:\/\/divigo.ca\/fr\/wp-json\/wp\/v2\/pages\/2708\/revisions"}],"predecessor-version":[{"id":7743,"href":"https:\/\/divigo.ca\/fr\/wp-json\/wp\/v2\/pages\/2708\/revisions\/7743"}],"wp:attachment":[{"href":"https:\/\/divigo.ca\/fr\/wp-json\/wp\/v2\/media?parent=2708"}],"curies":[{"name":"wp","href":"https:\/\/api.w.org\/{rel}","templated":true}]}}