{"id":3580,"date":"2023-01-11T20:36:22","date_gmt":"2023-01-12T01:36:22","guid":{"rendered":"https:\/\/divigo.ca\/soutien-aux-rh\/"},"modified":"2023-05-29T15:35:58","modified_gmt":"2023-05-29T19:35:58","slug":"soutien-aux-rh","status":"publish","type":"page","link":"https:\/\/divigo.ca\/fr\/soutien-aux-rh\/","title":{"rendered":"Soutien aux RH"},"content":{"rendered":"\t\t<div data-elementor-type=\"wp-page\" data-elementor-id=\"3580\" class=\"elementor elementor-3580 elementor-3578\" data-elementor-post-type=\"page\">\n\t\t\t\t\t\t<section class=\"elementor-section elementor-top-section elementor-element elementor-element-d04051c elementor-section-height-min-height elementor-section-items-top elementor-section-full_width elementor-section-height-default\" data-id=\"d04051c\" data-element_type=\"section\" data-e-type=\"section\">\n\t\t\t\t\t\t<div class=\"elementor-container elementor-column-gap-default\">\n\t\t\t\t\t<div class=\"elementor-column elementor-col-100 elementor-top-column elementor-element elementor-element-a392cc6\" data-id=\"a392cc6\" data-element_type=\"column\" data-e-type=\"column\">\n\t\t\t<div class=\"elementor-widget-wrap elementor-element-populated\">\n\t\t\t\t\t\t<div class=\"elementor-element elementor-element-7611318 elementor-widget elementor-widget-text-editor\" data-id=\"7611318\" data-element_type=\"widget\" data-e-type=\"widget\" data-widget_type=\"text-editor.default\">\n\t\t\t\t\t\t\t\t\t<p>L&rsquo;IED peut \u00eatre d\u00e9courageant, et nous savons qu&rsquo;en tant que professionnel des RH, vous ne vous sentez peut-\u00eatre pas \u00e9quip\u00e9 pour guider l&rsquo;organisation. Laissez-nous vous aider avec notre kit d&rsquo;aide aux RH &#8211; une collection croissante con\u00e7ue pour vous et votre \u00e9quipe de RH. N&rsquo;h\u00e9sitez pas \u00e0 t\u00e9l\u00e9charger les outils. Si vous avez des questions, envoyez-nous un courriel \u00e0 info@divigo.ca. Nous serions ravis de savoir comment nous pouvons vous aider encore plus !<\/p>\n\t\t\t\t\t\t\t\t<\/div>\n\t\t\t\t\t<\/div>\n\t\t<\/div>\n\t\t\t\t\t<\/div>\n\t\t<\/section>\n\t\t\t\t<section class=\"elementor-section elementor-top-section elementor-element elementor-element-0efff10 elementor-section-height-min-height elementor-section-items-top elementor-section-full_width elementor-section-height-default\" data-id=\"0efff10\" data-element_type=\"section\" data-e-type=\"section\">\n\t\t\t\t\t\t<div class=\"elementor-container elementor-column-gap-default\">\n\t\t\t\t\t<div class=\"elementor-column elementor-col-50 elementor-top-column elementor-element elementor-element-0867a3b\" data-id=\"0867a3b\" data-element_type=\"column\" data-e-type=\"column\">\n\t\t\t<div class=\"elementor-widget-wrap elementor-element-populated\">\n\t\t\t\t\t\t<div class=\"elementor-element elementor-element-2a62005 elementor-widget elementor-widget-heading\" data-id=\"2a62005\" data-element_type=\"widget\" data-e-type=\"widget\" data-widget_type=\"heading.default\">\n\t\t\t\t\t<h3 class=\"elementor-heading-title elementor-size-default\">D\u00c9VELOPPEMENT DE LA POLITIQUE DE L'UE<\/h3>\t\t\t\t<\/div>\n\t\t\t\t<div class=\"elementor-element elementor-element-45e5a0c elementor-widget elementor-widget-text-editor\" data-id=\"45e5a0c\" data-element_type=\"widget\" data-e-type=\"widget\" data-widget_type=\"text-editor.default\">\n\t\t\t\t\t\t\t\t\t<p>Vous avez \u00e9t\u00e9 charg\u00e9 d&rsquo;\u00e9laborer une politique d&rsquo;IED pour votre organisation &#8211; par o\u00f9 commencer ? Nous proposons trois niveaux de soutien :<\/p>\n<p><strong>Cr\u00e9ation d&rsquo;une politique : LEAN.<\/strong>  T\u00e9l\u00e9chargez notre guide \u00e9tape par \u00e9tape et suivez les instructions. Avec un peu d&rsquo;effort, vous pouvez cr\u00e9er votre politique DEI et impressionner vos patrons !<\/p>\n<p><strong>Cr\u00e9ation d&rsquo;une politique : STANDARD.<\/strong> En utilisant le guide \u00e9tape par \u00e9tape, nous ajoutons les conseils de l&rsquo;un de nos experts en mati\u00e8re de politique. <a href=\"https:\/\/divigo.ca\/contact\/\">Contactez-nous<\/a> pour plus de d\u00e9tails et nous prendrons rendez-vous pour en discuter.<\/p>\n<p><strong>Cr\u00e9ation de politiques : ROBUSTE.<\/strong>  Laissez-nous faire le gros du travail. Une politique d&rsquo;IED peut repr\u00e9senter beaucoup&#8230; nous le savons, nous en cr\u00e9ons tout le temps. <a href=\"https:\/\/divigo.ca\/contact\/\">Contactez-nous<\/a> pour plus de d\u00e9tails et nous prendrons rendez-vous pour discuter de la mani\u00e8re dont nous pouvons cr\u00e9er la v\u00f4tre.<\/p>\n\t\t\t\t\t\t\t\t<\/div>\n\t\t\t\t\t<\/div>\n\t\t<\/div>\n\t\t\t\t<div class=\"elementor-column elementor-col-50 elementor-top-column elementor-element elementor-element-90c071f\" data-id=\"90c071f\" data-element_type=\"column\" data-e-type=\"column\">\n\t\t\t<div class=\"elementor-widget-wrap elementor-element-populated\">\n\t\t\t\t\t\t<div class=\"elementor-element elementor-element-b32ea0c elementor-widget elementor-widget-heading\" data-id=\"b32ea0c\" data-element_type=\"widget\" data-e-type=\"widget\" data-widget_type=\"heading.default\">\n\t\t\t\t\t<h3 class=\"elementor-heading-title elementor-size-default\">D\u00c9VELOPPEMENT DE LA STRAT\u00c9GIE DEI<\/h3>\t\t\t\t<\/div>\n\t\t\t\t<div class=\"elementor-element elementor-element-852c934 elementor-widget elementor-widget-text-editor\" data-id=\"852c934\" data-element_type=\"widget\" data-e-type=\"widget\" data-widget_type=\"text-editor.default\">\n\t\t\t\t\t\t\t\t\t<p><a href=\"https:\/\/divigo.ca\/contact\/\">Contactez nous<\/a>. Nous vous soutiendrons par l&rsquo;interm\u00e9diaire de notre soci\u00e9t\u00e9 s\u0153ur ROCK Diversity.<\/p>\n\t\t\t\t\t\t\t\t<\/div>\n\t\t\t\t<div class=\"elementor-element elementor-element-fb78851 elementor-widget elementor-widget-heading\" data-id=\"fb78851\" data-element_type=\"widget\" data-e-type=\"widget\" data-widget_type=\"heading.default\">\n\t\t\t\t\t<h3 class=\"elementor-heading-title elementor-size-default\">CERCLES D'APPRENTISSAGE<\/h3>\t\t\t\t<\/div>\n\t\t\t\t<div class=\"elementor-element elementor-element-5c40aa8 elementor-widget elementor-widget-text-editor\" data-id=\"5c40aa8\" data-element_type=\"widget\" data-e-type=\"widget\" data-widget_type=\"text-editor.default\">\n\t\t\t\t\t\t\t\t\t<p>Notre cercle d&rsquo;apprentissage ressemble \u00e0 un club de lecture virtuel, mais avec la possibilit\u00e9 de faire un travail personnel, d&rsquo;approfondir les id\u00e9es de l&rsquo;auteur par le biais de Divigo et de cr\u00e9er un espace pour votre \u00e9quipe afin de renforcer la s\u00e9curit\u00e9 psychologique pour des conversations courageuses sur l&rsquo;IED. Nous fournissons le livre, le mat\u00e9riel de pr\u00e9paration, un animateur form\u00e9 et le travail post\u00e9rieur. Vous serez \u00e9tonn\u00e9 de voir \u00e0 quel point un cercle d&rsquo;apprentissage peut changer les perspectives ! <a href=\"https:\/\/divigo.ca\/contact\/\">Contactez-nous<\/a> pour savoir quel livre nous explorons cette saison. Ou laissez-nous organiser un cercle sp\u00e9cialement pour votre \u00e9quipe !<\/p>\n\t\t\t\t\t\t\t\t<\/div>\n\t\t\t\t\t<\/div>\n\t\t<\/div>\n\t\t\t\t\t<\/div>\n\t\t<\/section>\n\t\t\t\t<section class=\"elementor-section elementor-top-section elementor-element elementor-element-4537cce elementor-section-height-min-height elementor-section-items-top elementor-section-full_width elementor-section-height-default\" data-id=\"4537cce\" data-element_type=\"section\" data-e-type=\"section\">\n\t\t\t\t\t\t<div class=\"elementor-container elementor-column-gap-default\">\n\t\t\t\t\t<div class=\"elementor-column elementor-col-50 elementor-top-column elementor-element elementor-element-76f79e8\" data-id=\"76f79e8\" data-element_type=\"column\" data-e-type=\"column\">\n\t\t\t<div class=\"elementor-widget-wrap elementor-element-populated\">\n\t\t\t\t\t\t<div class=\"elementor-element elementor-element-43261fe elementor-widget elementor-widget-heading\" data-id=\"43261fe\" data-element_type=\"widget\" data-e-type=\"widget\" data-widget_type=\"heading.default\">\n\t\t\t\t\t<h3 class=\"elementor-heading-title elementor-size-default\">ANALYTIQUE 3-D<\/h3>\t\t\t\t<\/div>\n\t\t\t\t<div class=\"elementor-element elementor-element-e09b798 elementor-widget elementor-widget-text-editor\" data-id=\"e09b798\" data-element_type=\"widget\" data-e-type=\"widget\" data-widget_type=\"text-editor.default\">\n\t\t\t\t\t\t\t\t\t<p>Ce que vous ne pouvez pas mesurer, vous ne pouvez pas le comprendre. Nos analyses 3-D dressent un tableau de la situation de votre organisation en mati\u00e8re d&rsquo;IED, en particulier par rapport aux priorit\u00e9s organisationnelles. Les principales sources de donn\u00e9es comprennent notre enqu\u00eate exclusive sur l&rsquo;inclusion sur le lieu de travail (WIE) et notre outil d&rsquo;analyse. Nous vous fournissons des donn\u00e9es quantitatives. Mais tout aussi important, nous ajoutons de la chair aux os des donn\u00e9es pour raconter l&rsquo;histoire des personnes de votre organisation et ce que cela signifie pour prendre des d\u00e9cisions \u00e9clair\u00e9es sur les prochaines \u00e9tapes. <a href=\"https:\/\/divigo.ca\/contact\/\">Contactez-nous<\/a> pour plus d&rsquo;informations.<\/p>\n\t\t\t\t\t\t\t\t<\/div>\n\t\t\t\t<div class=\"elementor-element elementor-element-16d0f77 elementor-widget elementor-widget-heading\" data-id=\"16d0f77\" data-element_type=\"widget\" data-e-type=\"widget\" data-widget_type=\"heading.default\">\n\t\t\t\t\t<h3 class=\"elementor-heading-title elementor-size-default\">INSPIRATION et OUTILS<\/h3>\t\t\t\t<\/div>\n\t\t\t\t<div class=\"elementor-element elementor-element-2535108 elementor-widget elementor-widget-text-editor\" data-id=\"2535108\" data-element_type=\"widget\" data-e-type=\"widget\" data-widget_type=\"text-editor.default\">\n\t\t\t\t\t\t\t\t\t<p><a href=\"https:\/\/divigo.ca\/inspiration\/\">Consultez<\/a> ici notre collection croissante d&rsquo;outils, de podcasts, de conseils inspirants et de lectures mensuelles de 3 minutes sur l&rsquo;IED. <a href=\"https:\/\/divigo.ca\/resources\/\">Consultez<\/a> ici les ressources sp\u00e9cialement con\u00e7ues pour vous. <a href=\"https:\/\/divigo.ca\/docs\/\">Consultez<\/a> ici les sc\u00e9narios que nous avons identifi\u00e9s pour vous dans notre Centre d&rsquo;aide.<\/p>\n\t\t\t\t\t\t\t\t<\/div>\n\t\t\t\t\t<\/div>\n\t\t<\/div>\n\t\t\t\t<div class=\"elementor-column elementor-col-50 elementor-top-column elementor-element elementor-element-fa14e5b\" data-id=\"fa14e5b\" data-element_type=\"column\" data-e-type=\"column\">\n\t\t\t<div class=\"elementor-widget-wrap elementor-element-populated\">\n\t\t\t\t\t\t<div class=\"elementor-element elementor-element-4d9e8fd elementor-widget elementor-widget-heading\" data-id=\"4d9e8fd\" data-element_type=\"widget\" data-e-type=\"widget\" data-widget_type=\"heading.default\">\n\t\t\t\t\t<h3 class=\"elementor-heading-title elementor-size-default\">COURS D'APPRENTISSAGE HR DEI<\/h3>\t\t\t\t<\/div>\n\t\t\t\t<div class=\"elementor-element elementor-element-5e608de elementor-widget elementor-widget-text-editor\" data-id=\"5e608de\" data-element_type=\"widget\" data-e-type=\"widget\" data-widget_type=\"text-editor.default\">\n\t\t\t\t\t\t\t\t\t<p>Le r\u00f4le des RH \u00e9volue rapidement. Nous ne le voyons nulle part plus clairement que dans les attentes selon lesquelles vous en savez plus, et non moins, sur l&rsquo;IED que ceux que vous conseillez. Les cadres attendent de vous des r\u00e9ponses aux d\u00e9fis auxquels ils sont confront\u00e9s dans leurs \u00e9quipes diversifi\u00e9es ; les dirigeants attendent de vous que vous soyez le tampon contre les poursuites judiciaires et les plaintes en mati\u00e8re de droits de l&rsquo;homme ; le personnel diversifi\u00e9 lutte contre les pr\u00e9jug\u00e9s et les microagressions. Am\u00e9liorez votre jeu avec notre cours DEI &#8211; un programme virtuel de 6 mois qui combine des concepts, un mode d&#8217;emploi pratique et un espace courageux pour admettre ce que vous ne savez pas. Votre certificat de fin d&rsquo;\u00e9tudes, votre confiance et vos comp\u00e9tences croissantes font que ce voyage en vaut la peine !<\/p>\n<p><a href=\"https:\/\/divigo.ca\/contact\/\">Contactez-nous<\/a> pour plus de d\u00e9tails et pour commencer.<\/p>\t\t\t\t\t\t\t\t<\/div>\n\t\t\t\t\t<\/div>\n\t\t<\/div>\n\t\t\t\t\t<\/div>\n\t\t<\/section>\n\t\t\t\t<\/div>\n\t\t","protected":false},"excerpt":{"rendered":"<p>L&rsquo;IED peut \u00eatre d\u00e9courageant, et nous savons qu&rsquo;en tant que professionnel des RH, vous ne vous sentez peut-\u00eatre pas \u00e9quip\u00e9 pour guider l&rsquo;organisation. Laissez-nous vous aider avec notre kit d&rsquo;aide aux RH &#8211; une collection croissante con\u00e7ue pour vous et votre \u00e9quipe de RH. N&rsquo;h\u00e9sitez pas \u00e0 t\u00e9l\u00e9charger les outils. Si vous avez des questions, [&hellip;]<\/p>\n","protected":false},"author":1,"featured_media":0,"parent":0,"menu_order":0,"comment_status":"closed","ping_status":"closed","template":"","meta":{"_acf_changed":false,"footnotes":""},"class_list":["post-3580","page","type-page","status-publish","hentry"],"acf":[],"_links":{"self":[{"href":"https:\/\/divigo.ca\/fr\/wp-json\/wp\/v2\/pages\/3580","targetHints":{"allow":["GET"]}}],"collection":[{"href":"https:\/\/divigo.ca\/fr\/wp-json\/wp\/v2\/pages"}],"about":[{"href":"https:\/\/divigo.ca\/fr\/wp-json\/wp\/v2\/types\/page"}],"author":[{"embeddable":true,"href":"https:\/\/divigo.ca\/fr\/wp-json\/wp\/v2\/users\/1"}],"replies":[{"embeddable":true,"href":"https:\/\/divigo.ca\/fr\/wp-json\/wp\/v2\/comments?post=3580"}],"version-history":[{"count":10,"href":"https:\/\/divigo.ca\/fr\/wp-json\/wp\/v2\/pages\/3580\/revisions"}],"predecessor-version":[{"id":5104,"href":"https:\/\/divigo.ca\/fr\/wp-json\/wp\/v2\/pages\/3580\/revisions\/5104"}],"wp:attachment":[{"href":"https:\/\/divigo.ca\/fr\/wp-json\/wp\/v2\/media?parent=3580"}],"curies":[{"name":"wp","href":"https:\/\/api.w.org\/{rel}","templated":true}]}}