{"id":3625,"date":"2023-01-12T13:18:28","date_gmt":"2023-01-12T18:18:28","guid":{"rendered":"https:\/\/divigo.ca\/services-de-soutien-aux-rh\/"},"modified":"2023-01-12T13:21:49","modified_gmt":"2023-01-12T18:21:49","slug":"services-de-soutien-aux-rh","status":"publish","type":"page","link":"https:\/\/divigo.ca\/fr\/services-de-soutien-aux-rh\/","title":{"rendered":"Services de soutien aux RH"},"content":{"rendered":"\t\t<div data-elementor-type=\"wp-page\" data-elementor-id=\"3625\" class=\"elementor elementor-3625 elementor-3623\" data-elementor-post-type=\"page\">\n\t\t\t\t\t\t<section class=\"elementor-section elementor-top-section elementor-element elementor-element-74db494 elementor-section-height-min-height elementor-section-items-top elementor-section-boxed elementor-section-height-default\" data-id=\"74db494\" data-element_type=\"section\" data-e-type=\"section\">\n\t\t\t\t\t\t<div class=\"elementor-container elementor-column-gap-default\">\n\t\t\t\t\t<div class=\"elementor-column elementor-col-100 elementor-top-column elementor-element elementor-element-24aa00d\" data-id=\"24aa00d\" data-element_type=\"column\" data-e-type=\"column\">\n\t\t\t<div class=\"elementor-widget-wrap elementor-element-populated\">\n\t\t\t\t\t\t<div class=\"elementor-element elementor-element-f86a5f5 elementor-widget elementor-widget-text-editor\" data-id=\"f86a5f5\" data-element_type=\"widget\" data-e-type=\"widget\" data-widget_type=\"text-editor.default\">\n\t\t\t\t\t\t\t\t\t<p>Devenir significativement inclusif, antiraciste et \u00e9quitable est un voyage autant qu&rsquo;une destination. Consultez les supports que nous avons cr\u00e9\u00e9s pour vous aider dans votre d\u00e9marche !<\/p>\n\t\t\t\t\t\t\t\t<\/div>\n\t\t\t\t\t<\/div>\n\t\t<\/div>\n\t\t\t\t\t<\/div>\n\t\t<\/section>\n\t\t\t\t<section class=\"elementor-section elementor-top-section elementor-element elementor-element-b776a5b elementor-section-height-min-height elementor-section-items-top elementor-section-boxed elementor-section-height-default\" data-id=\"b776a5b\" data-element_type=\"section\" data-e-type=\"section\">\n\t\t\t\t\t\t<div class=\"elementor-container elementor-column-gap-default\">\n\t\t\t\t\t<div class=\"elementor-column elementor-col-33 elementor-top-column elementor-element elementor-element-209eea0\" data-id=\"209eea0\" data-element_type=\"column\" data-e-type=\"column\">\n\t\t\t<div class=\"elementor-widget-wrap elementor-element-populated\">\n\t\t\t\t\t\t<div class=\"elementor-element elementor-element-c4b5d8a elementor-widget elementor-widget-heading\" data-id=\"c4b5d8a\" data-element_type=\"widget\" data-e-type=\"widget\" data-widget_type=\"heading.default\">\n\t\t\t\t\t<h3 class=\"elementor-heading-title elementor-size-default\">Politiques de l'EDI<\/h3>\t\t\t\t<\/div>\n\t\t\t\t<div class=\"elementor-element elementor-element-beb99cb elementor-widget elementor-widget-text-editor\" data-id=\"beb99cb\" data-element_type=\"widget\" data-e-type=\"widget\" data-widget_type=\"text-editor.default\">\n\t\t\t\t\t\t\t\t\t<p>Nous proposons trois options pour r\u00e9pondre \u00e0 vos pr\u00e9f\u00e9rences et\/ou \u00e0 votre budget d&rsquo;\u00e9laboration de politiques :<\/p>\n<p><strong>Option 1&#8230;DIY LEAN.<\/strong>  Guide d\u00e9taill\u00e9 et ressources auxquelles vous pouvez acc\u00e9der via Divigo. Le mieux est de disposer d&rsquo;un comit\u00e9 de la diversit\u00e9 bien \u00e9tabli ou d&rsquo;un praticien interne de l&rsquo;EDI ou des RH ayant une exp\u00e9rience assez solide de l&rsquo;EDI.<\/p>\n<p><strong>Option 2&#8230;Bricolage REGULIER.<\/strong>  Les conseils et l&rsquo;assistance d&rsquo;un consultant EDI d\u00e9sign\u00e9, y compris pour les parties que vous ne vous sentez pas capable de g\u00e9rer. Le mieux est d&rsquo;avoir un comit\u00e9 de diversit\u00e9 ou un praticien interne de l&rsquo;EDI ou des RH ayant une certaine exp\u00e9rience de l&rsquo;EDI.<\/p>\n<p><strong>Option 3&#8230;ROBUST.<\/strong>  Nous \u00e9laborons la police \u00e0 partir de z\u00e9ro pour vous.<\/p>\n\t\t\t\t\t\t\t\t<\/div>\n\t\t\t\t\t<\/div>\n\t\t<\/div>\n\t\t\t\t<div class=\"elementor-column elementor-col-33 elementor-top-column elementor-element elementor-element-04e604f\" data-id=\"04e604f\" data-element_type=\"column\" data-e-type=\"column\">\n\t\t\t<div class=\"elementor-widget-wrap elementor-element-populated\">\n\t\t\t\t\t\t<div class=\"elementor-element elementor-element-7caf3d8 elementor-widget elementor-widget-heading\" data-id=\"7caf3d8\" data-element_type=\"widget\" data-e-type=\"widget\" data-widget_type=\"heading.default\">\n\t\t\t\t\t<h3 class=\"elementor-heading-title elementor-size-default\">Plans et strat\u00e9gies d'EDI<\/h3>\t\t\t\t<\/div>\n\t\t\t\t<div class=\"elementor-element elementor-element-e0dcf53 elementor-widget elementor-widget-text-editor\" data-id=\"e0dcf53\" data-element_type=\"widget\" data-e-type=\"widget\" data-widget_type=\"text-editor.default\">\n\t\t\t\t\t\t\t\t\t<p><strong>Option 1&#8230;DIY LEAN.<\/strong>  Guide d\u00e9taill\u00e9 et ressources auxquelles vous acc\u00e9dez via Divigo. Cette solution est la plus adapt\u00e9e si vous disposez d&rsquo;un comit\u00e9 de la diversit\u00e9 bien \u00e9tabli ou d&rsquo;un praticien interne de l&rsquo;EDI ou des RH ayant une exp\u00e9rience assez solide de l&rsquo;EDI.<\/p>\n<p><strong>Option 2&#8230;Bricolage REGULIER.<\/strong>  Les conseils et l&rsquo;assistance d&rsquo;un consultant EDI d\u00e9sign\u00e9, y compris pour les parties que vous ne vous sentez pas capable de g\u00e9rer. C&rsquo;est la meilleure solution si vous avez un comit\u00e9 de la diversit\u00e9 ou un praticien interne de l&rsquo;EDI.<\/p>\n<p><strong>Option 3&#8230;ROBUST.<\/strong>  Nous \u00e9laborons le plan pour vous.<\/p>\n\t\t\t\t\t\t\t\t<\/div>\n\t\t\t\t\t<\/div>\n\t\t<\/div>\n\t\t\t\t<div class=\"elementor-column elementor-col-33 elementor-top-column elementor-element elementor-element-7e8e7fc\" data-id=\"7e8e7fc\" data-element_type=\"column\" data-e-type=\"column\">\n\t\t\t<div class=\"elementor-widget-wrap elementor-element-populated\">\n\t\t\t\t\t\t<div class=\"elementor-element elementor-element-401173b elementor-widget elementor-widget-heading\" data-id=\"401173b\" data-element_type=\"widget\" data-e-type=\"widget\" data-widget_type=\"heading.default\">\n\t\t\t\t\t<h3 class=\"elementor-heading-title elementor-size-default\">Outils de mise en \u0153uvre de l'EDI<\/h3>\t\t\t\t<\/div>\n\t\t\t\t<div class=\"elementor-element elementor-element-cb2c3be elementor-widget elementor-widget-text-editor\" data-id=\"cb2c3be\" data-element_type=\"widget\" data-e-type=\"widget\" data-widget_type=\"text-editor.default\">\n\t\t\t\t\t\t\t\t\t<p>D\u00e9couvrez notre gamme de produits en pleine expansion ! Tous disponibles sur Divigo.<\/p>\n<ul>\n<li>L&rsquo;outil d&#8217;empathie active : Pratique pour les conversations difficiles avec le personnel ou les coll\u00e8gues<\/li>\n<li>L&rsquo;Activateur Anti-Pr\u00e9jug\u00e9s : Reconna\u00eetre les pr\u00e9jug\u00e9s&#8230; contester les pr\u00e9jug\u00e9s&#8230; s&rsquo;attaquer aux pr\u00e9jug\u00e9s (id\u00e9al pour les responsables du personnel)<\/li>\n<li>L&rsquo;outil de diagnostic de la conduite du changement&#8230; D\u00e9terminez o\u00f9 int\u00e9grer les strat\u00e9gies pour un changement significatif.<\/li>\n<\/ul>\n\t\t\t\t\t\t\t\t<\/div>\n\t\t\t\t\t<\/div>\n\t\t<\/div>\n\t\t\t\t\t<\/div>\n\t\t<\/section>\n\t\t\t\t<section class=\"elementor-section elementor-top-section elementor-element elementor-element-3e6baa2 elementor-section-height-min-height elementor-section-items-top elementor-section-boxed elementor-section-height-default\" data-id=\"3e6baa2\" data-element_type=\"section\" data-e-type=\"section\">\n\t\t\t\t\t\t<div class=\"elementor-container elementor-column-gap-default\">\n\t\t\t\t\t<div class=\"elementor-column elementor-col-50 elementor-top-column elementor-element elementor-element-c28d2a3\" data-id=\"c28d2a3\" data-element_type=\"column\" data-e-type=\"column\">\n\t\t\t<div class=\"elementor-widget-wrap elementor-element-populated\">\n\t\t\t\t\t\t<div class=\"elementor-element elementor-element-c3c5e47 elementor-widget elementor-widget-heading\" data-id=\"c3c5e47\" data-element_type=\"widget\" data-e-type=\"widget\" data-widget_type=\"heading.default\">\n\t\t\t\t\t<h3 class=\"elementor-heading-title elementor-size-default\">Soutien \u00e0 l'\u00e9valuation de l'EDI<\/h3>\t\t\t\t<\/div>\n\t\t\t\t<div class=\"elementor-element elementor-element-a451994 elementor-widget elementor-widget-text-editor\" data-id=\"a451994\" data-element_type=\"widget\" data-e-type=\"widget\" data-widget_type=\"text-editor.default\">\n\t\t\t\t\t\t\t\t\t<p><strong>ORGANISATIONNEL :<\/strong> L&rsquo;enqu\u00eate sur l&rsquo;exp\u00e9rience d&rsquo;inclusion sur le lieu de travail (WIE) : Conna\u00eetre vos indicateurs de r\u00e9ussite &#8211; \u00e0 travers les yeux de vos collaborateurs<\/p>\n<p><strong>INDIVIDUELLE :<\/strong> L&rsquo;\u00e9valuation de l&rsquo;Intercultural Development Inventory : Laissez nos administrateurs qualifi\u00e9s vous aider \u00e0 identifier et \u00e0 d\u00e9velopper votre comp\u00e9tence interculturelle.<\/p>\n\t\t\t\t\t\t\t\t<\/div>\n\t\t\t\t<div class=\"elementor-element elementor-element-afd9c59 elementor-widget elementor-widget-heading\" data-id=\"afd9c59\" data-element_type=\"widget\" data-e-type=\"widget\" data-widget_type=\"heading.default\">\n\t\t\t\t\t<h3 class=\"elementor-heading-title elementor-size-default\">Supports EDI de l'apprentissage \u00e0 l'action (LTA)<\/h3>\t\t\t\t<\/div>\n\t\t\t\t<div class=\"elementor-element elementor-element-0d6fb00 elementor-widget elementor-widget-text-editor\" data-id=\"0d6fb00\" data-element_type=\"widget\" data-e-type=\"widget\" data-widget_type=\"text-editor.default\">\n\t\t\t\t\t\t\t\t\t<p><strong>Club de lecture :<\/strong> Bien plus que de la lecture et du bavardage !<\/p>\n<p><strong>\u00c9quipes d&rsquo;apprentissage en h\u00e9ritage :<\/strong> D\u00e9velopper une expertise interne durable<\/p>\n<p><strong>Hubs LTA :<\/strong> Poursuivez l&rsquo;apprentissage, le traitement et l&rsquo;application dans vos \u00e9quipes<\/p>\n<p><strong>Programme pour les comit\u00e9s de la diversit\u00e9 :<\/strong> Soutien pour la cr\u00e9ation, l&rsquo;am\u00e9lioration ou la revitalisation de votre comit\u00e9.<\/p>\n\t\t\t\t\t\t\t\t<\/div>\n\t\t\t\t\t<\/div>\n\t\t<\/div>\n\t\t\t\t<div class=\"elementor-column elementor-col-50 elementor-top-column elementor-element elementor-element-5cfd01f\" data-id=\"5cfd01f\" data-element_type=\"column\" data-e-type=\"column\" data-settings=\"{&quot;background_background&quot;:&quot;classic&quot;}\">\n\t\t\t<div class=\"elementor-widget-wrap elementor-element-populated\">\n\t\t\t\t\t\t<div class=\"elementor-element elementor-element-3c1cfed elementor-widget elementor-widget-heading\" data-id=\"3c1cfed\" data-element_type=\"widget\" data-e-type=\"widget\" data-widget_type=\"heading.default\">\n\t\t\t\t\t<h2 class=\"elementor-heading-title elementor-size-default\">Int\u00e9ress\u00e9 par les supports RH ?<\/h2>\t\t\t\t<\/div>\n\t\t\t\t<div class=\"elementor-element elementor-element-4af9045 elementor-button-align-start elementor-widget elementor-widget-form\" data-id=\"4af9045\" data-element_type=\"widget\" data-e-type=\"widget\" data-settings=\"{&quot;step_next_label&quot;:&quot;Suivant&quot;,&quot;step_previous_label&quot;:&quot;Pr\\u00e9c\\u00e9dent&quot;,&quot;button_width&quot;:&quot;100&quot;,&quot;step_type&quot;:&quot;number_text&quot;,&quot;step_icon_shape&quot;:&quot;circle&quot;}\" data-widget_type=\"form.default\">\n\t\t\t\t\t\t\t<form class=\"elementor-form\" method=\"post\" name=\"Nouveau formulaire\" aria-label=\"Nouveau formulaire\">\n\t\t\t<input type=\"hidden\" name=\"post_id\" value=\"3625\"\/>\n\t\t\t<input type=\"hidden\" name=\"form_id\" value=\"4af9045\"\/>\n\t\t\t<input type=\"hidden\" name=\"referer_title\" value=\"Services de soutien aux RH\" \/>\n\n\t\t\t\t\t\t\t<input type=\"hidden\" name=\"queried_id\" value=\"3625\"\/>\n\t\t\t\n\t\t\t<div class=\"elementor-form-fields-wrapper elementor-labels-above\">\n\t\t\t\t\t\t\t\t<div class=\"elementor-field-type-text elementor-field-group elementor-column elementor-field-group-name elementor-col-100 elementor-field-required\">\n\t\t\t\t\t\t\t\t\t\t\t\t<label for=\"form-field-name\" class=\"elementor-field-label\">\n\t\t\t\t\t\t\t\tNom complet\t\t\t\t\t\t\t<\/label>\n\t\t\t\t\t\t\t\t\t\t\t\t\t\t<input size=\"1\" type=\"text\" name=\"form_fields[name]\" id=\"form-field-name\" class=\"elementor-field elementor-size-sm  elementor-field-textual\" required=\"required\">\n\t\t\t\t\t\t\t\t\t\t\t<\/div>\n\t\t\t\t\t\t\t\t<div class=\"elementor-field-type-email elementor-field-group elementor-column elementor-field-group-email elementor-col-100 elementor-field-required\">\n\t\t\t\t\t\t\t\t\t\t\t\t<label for=\"form-field-email\" class=\"elementor-field-label\">\n\t\t\t\t\t\t\t\tAdresse \u00e9lectronique\t\t\t\t\t\t\t<\/label>\n\t\t\t\t\t\t\t\t\t\t\t\t\t\t<input size=\"1\" type=\"email\" name=\"form_fields[email]\" id=\"form-field-email\" class=\"elementor-field elementor-size-sm  elementor-field-textual\" required=\"required\">\n\t\t\t\t\t\t\t\t\t\t\t<\/div>\n\t\t\t\t\t\t\t\t<div class=\"elementor-field-type-textarea elementor-field-group elementor-column elementor-field-group-message elementor-col-100 elementor-field-required\">\n\t\t\t\t\t\t\t\t\t\t\t\t<label for=\"form-field-message\" class=\"elementor-field-label\">\n\t\t\t\t\t\t\t\tComment pouvons-nous vous aider ?\t\t\t\t\t\t\t<\/label>\n\t\t\t\t\t\t<textarea class=\"elementor-field-textual elementor-field  elementor-size-sm\" name=\"form_fields[message]\" id=\"form-field-message\" rows=\"4\" required=\"required\"><\/textarea>\t\t\t\t<\/div>\n\t\t\t\t\t\t\t\t<div class=\"elementor-field-group elementor-column elementor-field-type-submit elementor-col-100 e-form__buttons\">\n\t\t\t\t\t<button class=\"elementor-button elementor-size-sm\" type=\"submit\">\n\t\t\t\t\t\t<span class=\"elementor-button-content-wrapper\">\n\t\t\t\t\t\t\t\t\t\t\t\t\t\t\t\t\t\t\t\t\t\t<span class=\"elementor-button-text\">Nous contacter<\/span>\n\t\t\t\t\t\t\t\t\t\t\t\t\t<\/span>\n\t\t\t\t\t<\/button>\n\t\t\t\t<\/div>\n\t\t\t<\/div>\n\t\t<\/form>\n\t\t\t\t\t\t<\/div>\n\t\t\t\t\t<\/div>\n\t\t<\/div>\n\t\t\t\t\t<\/div>\n\t\t<\/section>\n\t\t\t\t<\/div>\n\t\t","protected":false},"excerpt":{"rendered":"<p>Devenir significativement inclusif, antiraciste et \u00e9quitable est un voyage autant qu&rsquo;une destination. Consultez les supports que nous avons cr\u00e9\u00e9s pour vous aider dans votre d\u00e9marche ! Politiques de l&rsquo;EDI Nous proposons trois options pour r\u00e9pondre \u00e0 vos pr\u00e9f\u00e9rences et\/ou \u00e0 votre budget d&rsquo;\u00e9laboration de politiques : Option 1&#8230;DIY LEAN. Guide d\u00e9taill\u00e9 et ressources auxquelles vous [&hellip;]<\/p>\n","protected":false},"author":1,"featured_media":0,"parent":0,"menu_order":0,"comment_status":"closed","ping_status":"closed","template":"elementor_header_footer","meta":{"_acf_changed":false,"footnotes":""},"class_list":["post-3625","page","type-page","status-publish","hentry"],"acf":[],"_links":{"self":[{"href":"https:\/\/divigo.ca\/fr\/wp-json\/wp\/v2\/pages\/3625","targetHints":{"allow":["GET"]}}],"collection":[{"href":"https:\/\/divigo.ca\/fr\/wp-json\/wp\/v2\/pages"}],"about":[{"href":"https:\/\/divigo.ca\/fr\/wp-json\/wp\/v2\/types\/page"}],"author":[{"embeddable":true,"href":"https:\/\/divigo.ca\/fr\/wp-json\/wp\/v2\/users\/1"}],"replies":[{"embeddable":true,"href":"https:\/\/divigo.ca\/fr\/wp-json\/wp\/v2\/comments?post=3625"}],"version-history":[{"count":4,"href":"https:\/\/divigo.ca\/fr\/wp-json\/wp\/v2\/pages\/3625\/revisions"}],"predecessor-version":[{"id":3641,"href":"https:\/\/divigo.ca\/fr\/wp-json\/wp\/v2\/pages\/3625\/revisions\/3641"}],"wp:attachment":[{"href":"https:\/\/divigo.ca\/fr\/wp-json\/wp\/v2\/media?parent=3625"}],"curies":[{"name":"wp","href":"https:\/\/api.w.org\/{rel}","templated":true}]}}