{"id":4818,"date":"2023-05-21T21:26:19","date_gmt":"2023-05-22T01:26:19","guid":{"rendered":"https:\/\/divigo.ca\/ressources\/"},"modified":"2023-05-21T21:39:08","modified_gmt":"2023-05-22T01:39:08","slug":"ressources","status":"publish","type":"page","link":"https:\/\/divigo.ca\/fr\/ressources\/","title":{"rendered":"Ressources compl\u00e9mentaires"},"content":{"rendered":"\t\t<div data-elementor-type=\"wp-page\" data-elementor-id=\"4818\" class=\"elementor elementor-4818 elementor-4816\" data-elementor-post-type=\"page\">\n\t\t\t\t<div class=\"elementor-element elementor-element-7ba8f61 e-flex e-con-boxed e-con e-parent\" data-id=\"7ba8f61\" data-element_type=\"container\" data-e-type=\"container\">\n\t\t\t\t\t<div class=\"e-con-inner\">\n\t\t\t\t<div class=\"elementor-element elementor-element-1c79568 elementor-widget elementor-widget-heading\" data-id=\"1c79568\" data-element_type=\"widget\" data-e-type=\"widget\" data-widget_type=\"heading.default\">\n\t\t\t\t\t<h3 class=\"elementor-heading-title elementor-size-default\">DEI PODCAST<\/h3>\t\t\t\t<\/div>\n\t\t\t\t<div class=\"elementor-element elementor-element-ebbd181 elementor-widget elementor-widget-text-editor\" data-id=\"ebbd181\" data-element_type=\"widget\" data-e-type=\"widget\" data-widget_type=\"text-editor.default\">\n\t\t\t\t\t\t\t\t\t<p>Histoires des tranch\u00e9es : Histoires \u00e0 retenir<\/p>\n\t\t\t\t\t\t\t\t<\/div>\n\t\t\t\t\t<\/div>\n\t\t\t\t<\/div>\n\t\t<div class=\"elementor-element elementor-element-8607267 e-flex e-con-boxed e-con e-parent\" data-id=\"8607267\" data-element_type=\"container\" data-e-type=\"container\">\n\t\t\t\t\t<div class=\"e-con-inner\">\n\t\t\t\t<div class=\"elementor-element elementor-element-d86ea10 elementor-widget elementor-widget-heading\" data-id=\"d86ea10\" data-element_type=\"widget\" data-e-type=\"widget\" data-widget_type=\"heading.default\">\n\t\t\t\t\t<h3 class=\"elementor-heading-title elementor-size-default\">TH\u00c8ME DU MOIS<\/h3>\t\t\t\t<\/div>\n\t\t\t\t<div class=\"elementor-element elementor-element-5651da1 elementor-widget elementor-widget-text-editor\" data-id=\"5651da1\" data-element_type=\"widget\" data-e-type=\"widget\" data-widget_type=\"text-editor.default\">\n\t\t\t\t\t\t\t\t\t<p>Lecture en 3 minutes  [Postcards]<\/p>\n\t\t\t\t\t\t\t\t<\/div>\n\t\t\t\t\t<\/div>\n\t\t\t\t<\/div>\n\t\t<div class=\"elementor-element elementor-element-7b8a4b3 e-flex e-con-boxed e-con e-parent\" data-id=\"7b8a4b3\" data-element_type=\"container\" data-e-type=\"container\">\n\t\t\t\t\t<div class=\"e-con-inner\">\n\t\t\t\t<div class=\"elementor-element elementor-element-67ea995 elementor-widget elementor-widget-heading\" data-id=\"67ea995\" data-element_type=\"widget\" data-e-type=\"widget\" data-widget_type=\"heading.default\">\n\t\t\t\t\t<h3 class=\"elementor-heading-title elementor-size-default\">DEI NUGGETS<\/h3>\t\t\t\t<\/div>\n\t\t\t\t<div class=\"elementor-element elementor-element-3c4c484 elementor-widget elementor-widget-text-editor\" data-id=\"3c4c484\" data-element_type=\"widget\" data-e-type=\"widget\" data-widget_type=\"text-editor.default\">\n\t\t\t\t\t\t\t\t\t<p>Inspiration pour aller de l&rsquo;avant<\/p>\n\t\t\t\t\t\t\t\t<\/div>\n\t\t\t\t\t<\/div>\n\t\t\t\t<\/div>\n\t\t<div class=\"elementor-element elementor-element-cfb6546 e-flex e-con-boxed e-con e-parent\" data-id=\"cfb6546\" data-element_type=\"container\" data-e-type=\"container\">\n\t\t\t\t\t<div class=\"e-con-inner\">\n\t\t\t\t<div class=\"elementor-element elementor-element-ab36694 elementor-widget elementor-widget-heading\" data-id=\"ab36694\" data-element_type=\"widget\" data-e-type=\"widget\" data-widget_type=\"heading.default\">\n\t\t\t\t\t<h3 class=\"elementor-heading-title elementor-size-default\">Des outils pour concr\u00e9tiser l'IED<\/h3>\t\t\t\t<\/div>\n\t\t\t\t\t<\/div>\n\t\t\t\t<\/div>\n\t\t<div class=\"elementor-element elementor-element-8cb3268 e-flex e-con-boxed e-con e-parent\" data-id=\"8cb3268\" data-element_type=\"container\" data-e-type=\"container\">\n\t\t\t\t\t<div class=\"e-con-inner\">\n\t\t<div class=\"elementor-element elementor-element-870b6af e-con-full e-flex e-con e-parent\" data-id=\"870b6af\" data-element_type=\"container\" data-e-type=\"container\">\n\t\t\t\t<div class=\"elementor-element elementor-element-d4fe469 elementor-position-inline-start elementor-view-default elementor-mobile-position-block-start elementor-widget elementor-widget-icon-box\" data-id=\"d4fe469\" data-element_type=\"widget\" data-e-type=\"widget\" data-widget_type=\"icon-box.default\">\n\t\t\t\t\t\t\t<div class=\"elementor-icon-box-wrapper\">\n\n\t\t\t\t\t\t<div class=\"elementor-icon-box-icon\">\n\t\t\t\t<a href=\"http:\/\/divigo.ca\/wp-content\/uploads\/2023\/05\/Active-Empathy-Tool-EN-v5.pdf\" class=\"elementor-icon\" tabindex=\"-1\" aria-label=\"Outil d&#039;empathie active\">\n\t\t\t\t<svg aria-hidden=\"true\" class=\"e-font-icon-svg e-fas-file-download\" viewBox=\"0 0 384 512\" xmlns=\"http:\/\/www.w3.org\/2000\/svg\"><path d=\"M224 136V0H24C10.7 0 0 10.7 0 24v464c0 13.3 10.7 24 24 24h336c13.3 0 24-10.7 24-24V160H248c-13.2 0-24-10.8-24-24zm76.45 211.36l-96.42 95.7c-6.65 6.61-17.39 6.61-24.04 0l-96.42-95.7C73.42 337.29 80.54 320 94.82 320H160v-80c0-8.84 7.16-16 16-16h32c8.84 0 16 7.16 16 16v80h65.18c14.28 0 21.4 17.29 11.27 27.36zM377 105L279.1 7c-4.5-4.5-10.6-7-17-7H256v128h128v-6.1c0-6.3-2.5-12.4-7-16.9z\"><\/path><\/svg>\t\t\t\t<\/a>\n\t\t\t<\/div>\n\t\t\t\n\t\t\t\t\t\t<div class=\"elementor-icon-box-content\">\n\n\t\t\t\t\t\t\t\t\t<div class=\"elementor-icon-box-title\">\n\t\t\t\t\t\t<a href=\"http:\/\/divigo.ca\/wp-content\/uploads\/2023\/05\/Active-Empathy-Tool-EN-v5.pdf\" >\n\t\t\t\t\t\t\tOutil d'empathie active\t\t\t\t\t\t<\/a>\n\t\t\t\t\t<\/div>\n\t\t\t\t\n\t\t\t\t\n\t\t\t<\/div>\n\t\t\t\n\t\t<\/div>\n\t\t\t\t\t\t<\/div>\n\t\t\t\t<\/div>\n\t\t<div class=\"elementor-element elementor-element-d38a7fb e-con-full e-flex e-con e-parent\" data-id=\"d38a7fb\" data-element_type=\"container\" data-e-type=\"container\">\n\t\t\t\t<div class=\"elementor-element elementor-element-8ea7511 elementor-position-inline-start elementor-view-default elementor-mobile-position-block-start elementor-widget elementor-widget-icon-box\" data-id=\"8ea7511\" data-element_type=\"widget\" data-e-type=\"widget\" data-widget_type=\"icon-box.default\">\n\t\t\t\t\t\t\t<div class=\"elementor-icon-box-wrapper\">\n\n\t\t\t\t\t\t<div class=\"elementor-icon-box-icon\">\n\t\t\t\t<a href=\"http:\/\/divigo.ca\/wp-content\/uploads\/2023\/05\/Anti-Bias-Activator-tool-EN-v3.pdf\" class=\"elementor-icon\" tabindex=\"-1\" aria-label=\"Outil d&#039;activation de la lutte contre les pr\u00e9jug\u00e9s\">\n\t\t\t\t<svg aria-hidden=\"true\" class=\"e-font-icon-svg e-fas-file-download\" viewBox=\"0 0 384 512\" xmlns=\"http:\/\/www.w3.org\/2000\/svg\"><path d=\"M224 136V0H24C10.7 0 0 10.7 0 24v464c0 13.3 10.7 24 24 24h336c13.3 0 24-10.7 24-24V160H248c-13.2 0-24-10.8-24-24zm76.45 211.36l-96.42 95.7c-6.65 6.61-17.39 6.61-24.04 0l-96.42-95.7C73.42 337.29 80.54 320 94.82 320H160v-80c0-8.84 7.16-16 16-16h32c8.84 0 16 7.16 16 16v80h65.18c14.28 0 21.4 17.29 11.27 27.36zM377 105L279.1 7c-4.5-4.5-10.6-7-17-7H256v128h128v-6.1c0-6.3-2.5-12.4-7-16.9z\"><\/path><\/svg>\t\t\t\t<\/a>\n\t\t\t<\/div>\n\t\t\t\n\t\t\t\t\t\t<div class=\"elementor-icon-box-content\">\n\n\t\t\t\t\t\t\t\t\t<div class=\"elementor-icon-box-title\">\n\t\t\t\t\t\t<a href=\"http:\/\/divigo.ca\/wp-content\/uploads\/2023\/05\/Anti-Bias-Activator-tool-EN-v3.pdf\" >\n\t\t\t\t\t\t\tOutil d'activation de la lutte contre les pr\u00e9jug\u00e9s\t\t\t\t\t\t<\/a>\n\t\t\t\t\t<\/div>\n\t\t\t\t\n\t\t\t\t\n\t\t\t<\/div>\n\t\t\t\n\t\t<\/div>\n\t\t\t\t\t\t<\/div>\n\t\t\t\t<\/div>\n\t\t\t\t\t<\/div>\n\t\t\t\t<\/div>\n\t\t\t\t<\/div>\n\t\t","protected":false},"excerpt":{"rendered":"<p>DEI PODCAST Histoires des tranch\u00e9es : Histoires \u00e0 retenir TH\u00c8ME DU MOIS Lecture en 3 minutes [Postcards] DEI NUGGETS Inspiration pour aller de l&rsquo;avant Des outils pour concr\u00e9tiser l&rsquo;IED Outil d&#8217;empathie active Outil d&rsquo;activation de la lutte contre les pr\u00e9jug\u00e9s<\/p>\n","protected":false},"author":1,"featured_media":0,"parent":0,"menu_order":0,"comment_status":"closed","ping_status":"closed","template":"","meta":{"_acf_changed":false,"footnotes":""},"class_list":["post-4818","page","type-page","status-publish","hentry"],"acf":[],"_links":{"self":[{"href":"https:\/\/divigo.ca\/fr\/wp-json\/wp\/v2\/pages\/4818","targetHints":{"allow":["GET"]}}],"collection":[{"href":"https:\/\/divigo.ca\/fr\/wp-json\/wp\/v2\/pages"}],"about":[{"href":"https:\/\/divigo.ca\/fr\/wp-json\/wp\/v2\/types\/page"}],"author":[{"embeddable":true,"href":"https:\/\/divigo.ca\/fr\/wp-json\/wp\/v2\/users\/1"}],"replies":[{"embeddable":true,"href":"https:\/\/divigo.ca\/fr\/wp-json\/wp\/v2\/comments?post=4818"}],"version-history":[{"count":4,"href":"https:\/\/divigo.ca\/fr\/wp-json\/wp\/v2\/pages\/4818\/revisions"}],"predecessor-version":[{"id":4837,"href":"https:\/\/divigo.ca\/fr\/wp-json\/wp\/v2\/pages\/4818\/revisions\/4837"}],"wp:attachment":[{"href":"https:\/\/divigo.ca\/fr\/wp-json\/wp\/v2\/media?parent=4818"}],"curies":[{"name":"wp","href":"https:\/\/api.w.org\/{rel}","templated":true}]}}